{"id":20,"date":"2025-07-19T17:30:39","date_gmt":"2025-07-19T15:30:39","guid":{"rendered":"https:\/\/odrc.pe\/?page_id=20"},"modified":"2026-04-22T13:30:44","modified_gmt":"2026-04-22T18:30:44","slug":"inicio","status":"publish","type":"page","link":"https:\/\/odrc.pe\/","title":{"rendered":"Inicio"},"content":{"rendered":"\n<div class=\"wp-block-cover alignfull is-light\" style=\"min-height:80vh;aspect-ratio:unset;\"><video class=\"wp-block-cover__video-background intrinsic-ignore\" autoplay muted loop playsinline src=\"https:\/\/odrc.pe\/wp-content\/uploads\/2025\/07\/Skytower_1.mp4\" data-object-fit=\"cover\"><\/video><span aria-hidden=\"true\" class=\"wp-block-cover__background has-vivid-red-background-color has-background-dim-0 has-background-dim\"><\/span><div class=\"wp-block-cover__inner-container is-layout-constrained wp-block-cover-is-layout-constrained\">\n<blockquote class=\"wp-block-quote has-text-align-center is-style-plain quote_cover has-white-color has-text-color has-background has-link-color wp-elements-268b2d5d553447d3228b4af263745135 is-layout-flow wp-block-quote-is-layout-flow\" style=\"background-color:#cf2d2dd6\">\n<h2 class=\"wp-block-heading has-text-align-center has-medium-font-size\">WHERE EXPERIENCE<\/h2>\n\n\n\n<p>MEETS INNOVATION<\/p>\n<\/blockquote>\n<\/div><\/div>\n\n\n\n<div class=\"wp-block-group\"><div class=\"wp-block-group__inner-container is-layout-constrained wp-block-group-is-layout-constrained\">\n<h2 class=\"wp-block-heading\">Nosotros<\/h2>\n\n\n\n<p><\/p>\n\n\n\n<p><strong>ODRC <\/strong>es una firma especializada en asesor\u00eda tributaria y corporativa fundada en 2018, respaldada por una trayectoria que se remonta a inicios de los a\u00f1os 2000. Nuestro equipo combina m\u00e1s de 25 a\u00f1os de experiencia en la asesor\u00eda a empresas de diversos sectores econ\u00f3micos con la visi\u00f3n innovadora y \u00e1gil de socios j\u00f3venes.<\/p>\n\n\n\n<p>Nos distinguimos por ofrecer una atenci\u00f3n personalizada y estrat\u00e9gica, orientada a resultados concretos y eficaces, adapt\u00e1ndonos a las particularidades de cada cliente. Gracias a un enfoque multidisciplinario, acompa\u00f1amos el desarrollo de sus negocios de manera integral y eficiente.<\/p>\n\n\n\n<p>La confianza depositada por nuestros clientes se refleja en relaciones s\u00f3lidas y duraderas. Trabajamos para impulsar su crecimiento sostenible mediante una asesor\u00eda legal estrat\u00e9gica y proactiva, que anticipe riesgos, optimice decisiones y les genere valor real, consolid\u00e1ndonos como asesores de confianza y referentes de profesionalismo, \u00e9tica y responsabilidad.<\/p>\n\n\n\n<div style=\"height:100px\" aria-hidden=\"true\" class=\"wp-block-spacer\"><\/div>\n\n\n\n<div class=\"wp-block-columns is-layout-flex wp-container-core-columns-is-layout-9d6595d7 wp-block-columns-is-layout-flex\">\n<div class=\"wp-block-column is-vertically-aligned-center is-layout-flow wp-block-column-is-layout-flow\" style=\"flex-basis:33.33%\">\n<p style=\"font-size:25px\">Nuestro equipo est\u00e1 conformado por profesionales con m\u00e1s de 25 a\u00f1os de experiencia en la asesor\u00eda a empresas de diversos sectores econ\u00f3micos, as\u00ed como por socios j\u00f3venes que aportan innovaci\u00f3n y agilidad al enfoque&nbsp;de&nbsp;trabajo.<\/p>\n\n\n\n<div class=\"wp-block-buttons is-layout-flex wp-block-buttons-is-layout-flex\">\n<div class=\"wp-block-button\"><a class=\"wp-block-button__link wp-element-button\" href=\"https:\/\/odrc.pe\/equipo\">Ir al equipo<\/a><\/div>\n<\/div>\n<\/div>\n\n\n\n<div class=\"wp-block-column is-vertically-aligned-center is-layout-flow wp-block-column-is-layout-flow\" style=\"flex-basis:66.66%\">\n<figure class=\"wp-block-image size-large\"><img loading=\"lazy\" decoding=\"async\" width=\"1024\" height=\"684\" src=\"https:\/\/odrc.pe\/wp-content\/uploads\/2025\/08\/ODELRC40-RE-EDITADA-1024x684.jpg\" alt=\"\" class=\"wp-image-258\" srcset=\"https:\/\/odrc.pe\/wp-content\/uploads\/2025\/08\/ODELRC40-RE-EDITADA-1024x684.jpg 1024w, https:\/\/odrc.pe\/wp-content\/uploads\/2025\/08\/ODELRC40-RE-EDITADA-300x200.jpg 300w, https:\/\/odrc.pe\/wp-content\/uploads\/2025\/08\/ODELRC40-RE-EDITADA-768x513.jpg 768w, https:\/\/odrc.pe\/wp-content\/uploads\/2025\/08\/ODELRC40-RE-EDITADA-1536x1025.jpg 1536w, https:\/\/odrc.pe\/wp-content\/uploads\/2025\/08\/ODELRC40-RE-EDITADA-2048x1367.jpg 2048w\" sizes=\"auto, (max-width: 1024px) 100vw, 1024px\" \/><\/figure>\n<\/div>\n<\/div>\n<\/div><\/div>\n\n\n    <div class=\"areas-grid\" data-columns=\"5\">\n        <h2 class=\"areas-grid__title\">\n            Services        <\/h2>\n        <div class=\"areas-grid__container\">\n                            <article class=\"areas-grid__item\">\n                    <a href=\"https:\/\/odrc.pe\/?areas=tributario\">\n                                                    <img loading=\"lazy\" decoding=\"async\" width=\"300\" height=\"300\" src=\"https:\/\/odrc.pe\/wp-content\/uploads\/2025\/07\/Tributario-300x300.png\" class=\"areas-grid__img wp-post-image\" alt=\"\" srcset=\"https:\/\/odrc.pe\/wp-content\/uploads\/2025\/07\/Tributario-300x300.png 300w, https:\/\/odrc.pe\/wp-content\/uploads\/2025\/07\/Tributario-150x150.png 150w, https:\/\/odrc.pe\/wp-content\/uploads\/2025\/07\/Tributario.png 640w\" sizes=\"auto, (max-width: 300px) 100vw, 300px\" \/>                                                <h3 class=\"areas-grid__title\">\n                            Tributario                        <\/h3>\n                                            <\/a>\n                <\/article>\n                            <article class=\"areas-grid__item\">\n                    <a href=\"https:\/\/odrc.pe\/?areas=corporativo\">\n                                                    <img loading=\"lazy\" decoding=\"async\" width=\"300\" height=\"300\" src=\"https:\/\/odrc.pe\/wp-content\/uploads\/2025\/07\/Corporativo-300x300.png\" class=\"areas-grid__img wp-post-image\" alt=\"\" srcset=\"https:\/\/odrc.pe\/wp-content\/uploads\/2025\/07\/Corporativo-300x300.png 300w, https:\/\/odrc.pe\/wp-content\/uploads\/2025\/07\/Corporativo-150x150.png 150w, https:\/\/odrc.pe\/wp-content\/uploads\/2025\/07\/Corporativo.png 640w\" sizes=\"auto, (max-width: 300px) 100vw, 300px\" \/>                                                <h3 class=\"areas-grid__title\">\n                            Corporativo                        <\/h3>\n                                            <\/a>\n                <\/article>\n                            <article class=\"areas-grid__item\">\n                    <a href=\"https:\/\/odrc.pe\/?areas=precios-de-transferencia\">\n                                                    <img loading=\"lazy\" decoding=\"async\" width=\"300\" height=\"300\" src=\"https:\/\/odrc.pe\/wp-content\/uploads\/2025\/07\/Precios-de-Transferencia-300x300.png\" class=\"areas-grid__img wp-post-image\" alt=\"\" srcset=\"https:\/\/odrc.pe\/wp-content\/uploads\/2025\/07\/Precios-de-Transferencia-300x300.png 300w, https:\/\/odrc.pe\/wp-content\/uploads\/2025\/07\/Precios-de-Transferencia-150x150.png 150w, https:\/\/odrc.pe\/wp-content\/uploads\/2025\/07\/Precios-de-Transferencia.png 640w\" sizes=\"auto, (max-width: 300px) 100vw, 300px\" \/>                                                <h3 class=\"areas-grid__title\">\n                            Precios de transferencia                        <\/h3>\n                                            <\/a>\n                <\/article>\n                            <article class=\"areas-grid__item\">\n                    <a href=\"https:\/\/odrc.pe\/?areas=contabilidad\">\n                                                    <img loading=\"lazy\" decoding=\"async\" width=\"300\" height=\"300\" src=\"https:\/\/odrc.pe\/wp-content\/uploads\/2025\/07\/Contabilidad-Finanzas-300x300.png\" class=\"areas-grid__img wp-post-image\" alt=\"\" srcset=\"https:\/\/odrc.pe\/wp-content\/uploads\/2025\/07\/Contabilidad-Finanzas-300x300.png 300w, https:\/\/odrc.pe\/wp-content\/uploads\/2025\/07\/Contabilidad-Finanzas-150x150.png 150w, https:\/\/odrc.pe\/wp-content\/uploads\/2025\/07\/Contabilidad-Finanzas.png 640w\" sizes=\"auto, (max-width: 300px) 100vw, 300px\" \/>                                                <h3 class=\"areas-grid__title\">\n                            Contabilidad                        <\/h3>\n                                            <\/a>\n                <\/article>\n                            <article class=\"areas-grid__item\">\n                    <a href=\"https:\/\/odrc.pe\/?areas=tax&#038;lang=en\">\n                                                    <img loading=\"lazy\" decoding=\"async\" width=\"300\" height=\"300\" src=\"https:\/\/odrc.pe\/wp-content\/uploads\/2025\/07\/Tributario-300x300.png\" class=\"areas-grid__img wp-post-image\" alt=\"\" srcset=\"https:\/\/odrc.pe\/wp-content\/uploads\/2025\/07\/Tributario-300x300.png 300w, https:\/\/odrc.pe\/wp-content\/uploads\/2025\/07\/Tributario-150x150.png 150w, https:\/\/odrc.pe\/wp-content\/uploads\/2025\/07\/Tributario.png 640w\" sizes=\"auto, (max-width: 300px) 100vw, 300px\" \/>                                                <h3 class=\"areas-grid__title\">\n                            Tax                        <\/h3>\n                                            <\/a>\n                <\/article>\n                            <article class=\"areas-grid__item\">\n                    <a href=\"https:\/\/odrc.pe\/?areas=corporate&#038;lang=en\">\n                                                    <img loading=\"lazy\" decoding=\"async\" width=\"300\" height=\"300\" src=\"https:\/\/odrc.pe\/wp-content\/uploads\/2025\/07\/Corporativo-300x300.png\" class=\"areas-grid__img wp-post-image\" alt=\"\" srcset=\"https:\/\/odrc.pe\/wp-content\/uploads\/2025\/07\/Corporativo-300x300.png 300w, https:\/\/odrc.pe\/wp-content\/uploads\/2025\/07\/Corporativo-150x150.png 150w, https:\/\/odrc.pe\/wp-content\/uploads\/2025\/07\/Corporativo.png 640w\" sizes=\"auto, (max-width: 300px) 100vw, 300px\" \/>                                                <h3 class=\"areas-grid__title\">\n                            Corporate                        <\/h3>\n                                            <\/a>\n                <\/article>\n                            <article class=\"areas-grid__item\">\n                    <a href=\"https:\/\/odrc.pe\/?areas=transfer-pricing&#038;lang=en\">\n                                                    <img loading=\"lazy\" decoding=\"async\" width=\"300\" height=\"300\" src=\"https:\/\/odrc.pe\/wp-content\/uploads\/2025\/07\/Precios-de-Transferencia-300x300.png\" class=\"areas-grid__img wp-post-image\" alt=\"\" srcset=\"https:\/\/odrc.pe\/wp-content\/uploads\/2025\/07\/Precios-de-Transferencia-300x300.png 300w, https:\/\/odrc.pe\/wp-content\/uploads\/2025\/07\/Precios-de-Transferencia-150x150.png 150w, https:\/\/odrc.pe\/wp-content\/uploads\/2025\/07\/Precios-de-Transferencia.png 640w\" sizes=\"auto, (max-width: 300px) 100vw, 300px\" \/>                                                <h3 class=\"areas-grid__title\">\n                            Transfer pricing                        <\/h3>\n                                            <\/a>\n                <\/article>\n                            <article class=\"areas-grid__item\">\n                    <a href=\"https:\/\/odrc.pe\/?areas=accounting&#038;lang=en\">\n                                                    <img loading=\"lazy\" decoding=\"async\" width=\"300\" height=\"300\" src=\"https:\/\/odrc.pe\/wp-content\/uploads\/2025\/07\/Contabilidad-Finanzas-300x300.png\" class=\"areas-grid__img wp-post-image\" alt=\"\" srcset=\"https:\/\/odrc.pe\/wp-content\/uploads\/2025\/07\/Contabilidad-Finanzas-300x300.png 300w, https:\/\/odrc.pe\/wp-content\/uploads\/2025\/07\/Contabilidad-Finanzas-150x150.png 150w, https:\/\/odrc.pe\/wp-content\/uploads\/2025\/07\/Contabilidad-Finanzas.png 640w\" sizes=\"auto, (max-width: 300px) 100vw, 300px\" \/>                                                <h3 class=\"areas-grid__title\">\n                            Accounting                        <\/h3>\n                                            <\/a>\n                <\/article>\n                    <\/div>\n    <\/div>\n    \n\n\n<blockquote class=\"wp-block-quote alignfull has-text-align-center flag-quote has-white-color has-vivid-red-background-color has-text-color has-background has-link-color wp-elements-403b4a9b64cbdcaf9613e3208659ce14 is-layout-flow wp-block-quote-is-layout-flow\">\n<h2 class=\"wp-block-heading\">ESTRATEGIA, CONFIANZA<\/h2>\n\n\n\n<h2 class=\"wp-block-heading\">Y RESULTADOS SOSTENIBLES<\/h2>\n<\/blockquote>\n\n\n\n<div class=\"wp-block-columns is-layout-flex wp-container-core-columns-is-layout-9d6595d7 wp-block-columns-is-layout-flex\" id=\"contacto\">\n<div class=\"wp-block-column is-layout-flow wp-block-column-is-layout-flow\" style=\"flex-basis:33.33%\">\n<figure class=\"wp-block-image size-large\"><img loading=\"lazy\" decoding=\"async\" width=\"683\" height=\"1024\" src=\"https:\/\/odrc.pe\/wp-content\/uploads\/2025\/09\/ODRC-piso-plantas-683x1024.jpeg\" alt=\"\" class=\"wp-image-299\" srcset=\"https:\/\/odrc.pe\/wp-content\/uploads\/2025\/09\/ODRC-piso-plantas-683x1024.jpeg 683w, https:\/\/odrc.pe\/wp-content\/uploads\/2025\/09\/ODRC-piso-plantas-200x300.jpeg 200w, https:\/\/odrc.pe\/wp-content\/uploads\/2025\/09\/ODRC-piso-plantas-768x1152.jpeg 768w, https:\/\/odrc.pe\/wp-content\/uploads\/2025\/09\/ODRC-piso-plantas.jpeg 1024w\" sizes=\"auto, (max-width: 683px) 100vw, 683px\" \/><\/figure>\n<\/div>\n\n\n\n<div class=\"wp-block-column is-layout-flow wp-block-column-is-layout-flow\" style=\"flex-basis:66.7%\">\n<iframe src=\"https:\/\/www.google.com\/maps\/embed?pb=!1m18!1m12!1m3!1d3901.2840065380665!2d-77.06406542610388!3d-12.092699342755322!2m3!1f0!2f0!3f0!3m2!1i1024!2i768!4f13.1!3m3!1m2!1s0x9105c9ac07d5d959%3A0x211997c30f382e54!2sAv.%20Javier%20Prado%20Oeste%20757%2C%20Magdalena%20del%20Mar%2015076!5e0!3m2!1ses!2spe!4v1776882482504!5m2!1ses!2spe\" width=\"600\" height=\"450\" style=\"border:0;\" allowfullscreen=\"\" loading=\"lazy\" referrerpolicy=\"no-referrer-when-downgrade\"><\/iframe>\n<\/div>\n<\/div>\n\n\n\n<div class=\"wp-block-columns is-layout-flex wp-container-core-columns-is-layout-9d6595d7 wp-block-columns-is-layout-flex\">\n<div class=\"wp-block-column is-layout-flow wp-block-column-is-layout-flow\" style=\"flex-basis:100%\">\n<h2 class=\"wp-block-heading has-text-align-center\">Cont\u00e1ctanos<\/h2>\n\n\n\n<div class=\"wp-block-contact-form-7-contact-form-selector\">\n<div class=\"wpcf7 no-js\" id=\"wpcf7-f64-o1\" lang=\"es-ES\" dir=\"ltr\" data-wpcf7-id=\"64\">\n<div class=\"screen-reader-response\"><p role=\"status\" aria-live=\"polite\" aria-atomic=\"true\"><\/p> <ul><\/ul><\/div>\n<form action=\"\/index.php?rest_route=%2Fwp%2Fv2%2Fpages%2F20#wpcf7-f64-o1\" method=\"post\" class=\"wpcf7-form init\" aria-label=\"Formulario de contacto\" novalidate=\"novalidate\" data-status=\"init\">\n<fieldset class=\"hidden-fields-container\"><input type=\"hidden\" name=\"_wpcf7\" value=\"64\" \/><input type=\"hidden\" name=\"_wpcf7_version\" value=\"6.1.5\" \/><input type=\"hidden\" name=\"_wpcf7_locale\" value=\"es_ES\" \/><input type=\"hidden\" name=\"_wpcf7_unit_tag\" value=\"wpcf7-f64-o1\" \/><input type=\"hidden\" name=\"_wpcf7_container_post\" value=\"0\" \/><input type=\"hidden\" name=\"_wpcf7_posted_data_hash\" value=\"\" \/>\n<\/fieldset>\n<p><label> Nombres y apellidos<br \/>\n<span class=\"wpcf7-form-control-wrap\" data-name=\"your-name\"><input size=\"40\" maxlength=\"400\" class=\"wpcf7-form-control wpcf7-text wpcf7-validates-as-required\" autocomplete=\"name\" aria-required=\"true\" aria-invalid=\"false\" value=\"\" type=\"text\" name=\"your-name\" \/><\/span> <\/label>\n<\/p>\n<p><label> Correo electr\u00f3nico<br \/>\n<span class=\"wpcf7-form-control-wrap\" data-name=\"your-email\"><input size=\"40\" maxlength=\"400\" class=\"wpcf7-form-control wpcf7-email wpcf7-validates-as-required wpcf7-text wpcf7-validates-as-email\" autocomplete=\"email\" aria-required=\"true\" aria-invalid=\"false\" value=\"\" type=\"email\" name=\"your-email\" \/><\/span> <\/label>\n<\/p>\n<p><label> Asunto<br \/>\n<span class=\"wpcf7-form-control-wrap\" data-name=\"your-subject\"><input size=\"40\" maxlength=\"400\" class=\"wpcf7-form-control wpcf7-text wpcf7-validates-as-required\" aria-required=\"true\" aria-invalid=\"false\" value=\"\" type=\"text\" name=\"your-subject\" \/><\/span> <\/label>\n<\/p>\n<p><label> Mensaje<br \/>\n<span class=\"wpcf7-form-control-wrap\" data-name=\"your-message\"><textarea cols=\"40\" rows=\"10\" maxlength=\"2000\" class=\"wpcf7-form-control wpcf7-textarea\" aria-invalid=\"false\" name=\"your-message\"><\/textarea><\/span> <\/label>\n<\/p>\n<p><input class=\"wpcf7-form-control wpcf7-submit has-spinner\" type=\"submit\" value=\"Enviar\" \/>\n<\/p><div class=\"wpcf7-response-output\" aria-hidden=\"true\"><\/div>\n<\/form>\n<\/div>\n<\/div>\n<\/div>\n<\/div>\n","protected":false},"excerpt":{"rendered":"<p>Nosotros ODRC es una firma especializada en asesor\u00eda tributaria y corporativa fundada en 2018, respaldada por una trayectoria que se&#8230;<\/p>\n","protected":false},"author":2,"featured_media":0,"parent":0,"menu_order":0,"comment_status":"closed","ping_status":"closed","template":"","meta":{"footnotes":""},"class_list":["post-20","page","type-page","status-publish","hentry"],"_links":{"self":[{"href":"https:\/\/odrc.pe\/index.php?rest_route=\/wp\/v2\/pages\/20","targetHints":{"allow":["GET"]}}],"collection":[{"href":"https:\/\/odrc.pe\/index.php?rest_route=\/wp\/v2\/pages"}],"about":[{"href":"https:\/\/odrc.pe\/index.php?rest_route=\/wp\/v2\/types\/page"}],"author":[{"embeddable":true,"href":"https:\/\/odrc.pe\/index.php?rest_route=\/wp\/v2\/users\/2"}],"replies":[{"embeddable":true,"href":"https:\/\/odrc.pe\/index.php?rest_route=%2Fwp%2Fv2%2Fcomments&post=20"}],"version-history":[{"count":64,"href":"https:\/\/odrc.pe\/index.php?rest_route=\/wp\/v2\/pages\/20\/revisions"}],"predecessor-version":[{"id":699,"href":"https:\/\/odrc.pe\/index.php?rest_route=\/wp\/v2\/pages\/20\/revisions\/699"}],"wp:attachment":[{"href":"https:\/\/odrc.pe\/index.php?rest_route=%2Fwp%2Fv2%2Fmedia&parent=20"}],"curies":[{"name":"wp","href":"https:\/\/api.w.org\/{rel}","templated":true}]}}